{"id":104,"date":"2026-01-13T10:19:47","date_gmt":"2026-01-13T10:19:47","guid":{"rendered":"https:\/\/melisera.com.tr\/?page_id=104"},"modified":"2026-01-19T13:08:53","modified_gmt":"2026-01-19T13:08:53","slug":"iletisim","status":"publish","type":"page","link":"https:\/\/melisera.com.tr\/index.php\/iletisim\/","title":{"rendered":"\u0130leti\u015fim"},"content":{"rendered":"\t\t<div data-elementor-type=\"wp-page\" data-elementor-id=\"104\" class=\"elementor elementor-104\">\n\t\t\t\t<div class=\"elementor-element elementor-element-7ad4985 e-flex e-con-boxed e-con e-parent\" data-id=\"7ad4985\" data-element_type=\"container\" data-settings=\"{&quot;background_background&quot;:&quot;classic&quot;}\">\n\t\t\t\t\t<div class=\"e-con-inner\">\n\t\t<div class=\"elementor-element elementor-element-1550225 e-con-full e-flex e-con e-child\" data-id=\"1550225\" data-element_type=\"container\">\n\t\t<div class=\"elementor-element elementor-element-52bb03a e-con-full e-flex e-con e-child\" data-id=\"52bb03a\" data-element_type=\"container\">\n\t\t\t\t<div class=\"elementor-element elementor-element-b0889ed elementor-widget elementor-widget-heading\" data-id=\"b0889ed\" data-element_type=\"widget\" data-widget_type=\"heading.default\">\n\t\t\t\t\t<h2 class=\"elementor-heading-title elementor-size-default\">\u0130leti\u015fim<\/h2>\t\t\t\t<\/div>\n\t\t\t\t<\/div>\n\t\t\t\t<\/div>\n\t\t\t\t\t<\/div>\n\t\t\t\t<\/div>\n\t\t<div class=\"elementor-element elementor-element-7bb938e e-flex e-con-boxed e-con e-parent\" data-id=\"7bb938e\" data-element_type=\"container\">\n\t\t\t\t\t<div class=\"e-con-inner\">\n\t\t\t\t<div class=\"elementor-element elementor-element-3325acf elementor-widget__width-initial elementor-widget elementor-widget-text-editor\" data-id=\"3325acf\" data-element_type=\"widget\" data-widget_type=\"text-editor.default\">\n\t\t\t\t\t\t\t\t\t<p><strong><img decoding=\"async\" class=\"wp-image-197 alignleft\" src=\"https:\/\/melisera.com.tr\/wp-content\/uploads\/2026\/01\/konum-150x150.png\" alt=\"Fulya Mah.Ortaklar Caddesi No:51 \u015ei\u015fli\/\u0130stanbul\" width=\"47\" height=\"47\" srcset=\"https:\/\/melisera.com.tr\/wp-content\/uploads\/2026\/01\/konum-150x150.png 150w, https:\/\/melisera.com.tr\/wp-content\/uploads\/2026\/01\/konum-300x300.png 300w, https:\/\/melisera.com.tr\/wp-content\/uploads\/2026\/01\/konum-100x100.png 100w\" sizes=\"(max-width: 47px) 100vw, 47px\" \/><strong>Fulya Ortaklar Cad. No:51 34394 \u015ei\u015fli\/\u0130st.<\/strong><\/strong><\/p><p><strong><img decoding=\"async\" class=\"wp-image-198 alignleft\" src=\"https:\/\/melisera.com.tr\/wp-content\/uploads\/2026\/01\/ChatGPT-Image-19-Oca-2026-15_35_32-300x200.png\" alt=\"\" width=\"54\" height=\"36\" srcset=\"https:\/\/melisera.com.tr\/wp-content\/uploads\/2026\/01\/ChatGPT-Image-19-Oca-2026-15_35_32-300x200.png 300w, https:\/\/melisera.com.tr\/wp-content\/uploads\/2026\/01\/ChatGPT-Image-19-Oca-2026-15_35_32-1024x683.png 1024w, https:\/\/melisera.com.tr\/wp-content\/uploads\/2026\/01\/ChatGPT-Image-19-Oca-2026-15_35_32-768x512.png 768w, https:\/\/melisera.com.tr\/wp-content\/uploads\/2026\/01\/ChatGPT-Image-19-Oca-2026-15_35_32-24x16.png 24w, https:\/\/melisera.com.tr\/wp-content\/uploads\/2026\/01\/ChatGPT-Image-19-Oca-2026-15_35_32-36x24.png 36w, https:\/\/melisera.com.tr\/wp-content\/uploads\/2026\/01\/ChatGPT-Image-19-Oca-2026-15_35_32-48x32.png 48w, https:\/\/melisera.com.tr\/wp-content\/uploads\/2026\/01\/ChatGPT-Image-19-Oca-2026-15_35_32-600x400.png 600w, https:\/\/melisera.com.tr\/wp-content\/uploads\/2026\/01\/ChatGPT-Image-19-Oca-2026-15_35_32.png 1536w\" sizes=\"(max-width: 54px) 100vw, 54px\" \/>Tel: 0541 577 70 70<\/strong><\/p>\t\t\t\t\t\t\t\t<\/div>\n\t\t<div class=\"elementor-element elementor-element-d62f930 e-con-full e-flex e-con e-child\" data-id=\"d62f930\" data-element_type=\"container\">\n\t\t\t\t<div class=\"elementor-element elementor-element-dd1ee1f elementor-widget elementor-widget-google_maps\" data-id=\"dd1ee1f\" data-element_type=\"widget\" data-widget_type=\"google_maps.default\">\n\t\t\t\t\t\t\t<div class=\"elementor-custom-embed\">\n\t\t\t<iframe loading=\"lazy\"\n\t\t\t\t\tsrc=\"https:\/\/maps.google.com\/maps?q=Fulya%20Ortaklar%20cd.%20istanbul&#038;t=m&#038;z=10&#038;output=embed&#038;iwloc=near\"\n\t\t\t\t\ttitle=\"Fulya Ortaklar cd. istanbul\"\n\t\t\t\t\taria-label=\"Fulya Ortaklar cd. istanbul\"\n\t\t\t><\/iframe>\n\t\t<\/div>\n\t\t\t\t\t\t<\/div>\n\t\t\t\t<\/div>\n\t\t<div class=\"elementor-element elementor-element-55764ff e-con-full e-flex e-con e-child\" data-id=\"55764ff\" data-element_type=\"container\">\n\t\t\t\t<div class=\"elementor-element elementor-element-401be30 elementor-widget elementor-widget-google_maps\" data-id=\"401be30\" data-element_type=\"widget\" data-widget_type=\"google_maps.default\">\n\t\t\t\t\t\t\t<div class=\"elementor-custom-embed\">\n\t\t\t<iframe loading=\"lazy\"\n\t\t\t\t\tsrc=\"https:\/\/maps.google.com\/maps?q=istanbul&#038;t=m&#038;z=10&#038;output=embed&#038;iwloc=near\"\n\t\t\t\t\ttitle=\"istanbul\"\n\t\t\t\t\taria-label=\"istanbul\"\n\t\t\t><\/iframe>\n\t\t<\/div>\n\t\t\t\t\t\t<\/div>\n\t\t\t\t<\/div>\n\t\t\t\t<div class=\"elementor-element elementor-element-9227b82 elementor-widget elementor-widget-shortcode\" data-id=\"9227b82\" data-element_type=\"widget\" data-widget_type=\"shortcode.default\">\n\t\t\t\t\t\t\t<div class=\"elementor-shortcode\">\n<div class=\"wpcf7 no-js\" id=\"wpcf7-f12-o1\" lang=\"tr-TR\" dir=\"ltr\" data-wpcf7-id=\"12\">\n<div class=\"screen-reader-response\"><p role=\"status\" aria-live=\"polite\" aria-atomic=\"true\"><\/p> <ul><\/ul><\/div>\n<form action=\"\/index.php\/wp-json\/wp\/v2\/pages\/104#wpcf7-f12-o1\" method=\"post\" class=\"wpcf7-form init\" aria-label=\"\u0130leti\u015fim Formu\" novalidate=\"novalidate\" data-status=\"init\">\n<fieldset class=\"hidden-fields-container\"><input type=\"hidden\" name=\"_wpcf7\" value=\"12\" \/><input type=\"hidden\" name=\"_wpcf7_version\" value=\"6.1.4\" \/><input type=\"hidden\" name=\"_wpcf7_locale\" value=\"tr_TR\" \/><input type=\"hidden\" name=\"_wpcf7_unit_tag\" value=\"wpcf7-f12-o1\" \/><input type=\"hidden\" name=\"_wpcf7_container_post\" value=\"0\" \/><input type=\"hidden\" name=\"_wpcf7_posted_data_hash\" value=\"\" \/>\n<\/fieldset>\n<p><label> Ad\u0131n\u0131z<br \/>\n<span class=\"wpcf7-form-control-wrap\" data-name=\"your-name\"><input size=\"40\" maxlength=\"400\" class=\"wpcf7-form-control wpcf7-text wpcf7-validates-as-required\" autocomplete=\"name\" aria-required=\"true\" aria-invalid=\"false\" value=\"\" type=\"text\" name=\"your-name\" \/><\/span> <\/label>\n<\/p>\n<p><label> E-posta adresiniz<br \/>\n<span class=\"wpcf7-form-control-wrap\" data-name=\"your-email\"><input size=\"40\" maxlength=\"400\" class=\"wpcf7-form-control wpcf7-email wpcf7-validates-as-required wpcf7-text wpcf7-validates-as-email\" autocomplete=\"email\" aria-required=\"true\" aria-invalid=\"false\" value=\"\" type=\"email\" name=\"your-email\" \/><\/span> <\/label>\n<\/p>\n<p><label> Konu<br \/>\n<span class=\"wpcf7-form-control-wrap\" data-name=\"your-subject\"><input size=\"40\" maxlength=\"400\" class=\"wpcf7-form-control wpcf7-text wpcf7-validates-as-required\" aria-required=\"true\" aria-invalid=\"false\" value=\"\" type=\"text\" name=\"your-subject\" \/><\/span> <\/label>\n<\/p>\n<p><label> \u0130letiniz (tercihe ba\u011fl\u0131)<br \/>\n<span class=\"wpcf7-form-control-wrap\" data-name=\"your-message\"><textarea cols=\"40\" rows=\"10\" maxlength=\"2000\" class=\"wpcf7-form-control wpcf7-textarea\" aria-invalid=\"false\" name=\"your-message\"><\/textarea><\/span> <\/label>\n<\/p>\n<p><input class=\"wpcf7-form-control wpcf7-submit has-spinner\" type=\"submit\" value=\"G\u00f6nder\" \/>\n<\/p><div class=\"wpcf7-response-output\" aria-hidden=\"true\"><\/div>\n<\/form>\n<\/div>\n<\/div>\n\t\t\t\t\t\t<\/div>\n\t\t\t\t\t<\/div>\n\t\t\t\t<\/div>\n\t\t<div class=\"elementor-element elementor-element-a18d5d9 e-flex e-con-boxed e-con e-parent\" data-id=\"a18d5d9\" data-element_type=\"container\">\n\t\t\t\t\t<div class=\"e-con-inner\">\n\t\t\t\t\t<\/div>\n\t\t\t\t<\/div>\n\t\t<div class=\"elementor-element elementor-element-da8e2da e-flex e-con-boxed e-con e-parent\" data-id=\"da8e2da\" data-element_type=\"container\">\n\t\t\t\t\t<div class=\"e-con-inner\">\n\t\t\t\t<div class=\"elementor-element elementor-element-77eb305 elementor-widget-divider--view-line elementor-widget elementor-widget-divider\" data-id=\"77eb305\" data-element_type=\"widget\" data-widget_type=\"divider.default\">\n\t\t\t\t\t\t\t<div class=\"elementor-divider\">\n\t\t\t<span class=\"elementor-divider-separator\">\n\t\t\t\t\t\t<\/span>\n\t\t<\/div>\n\t\t\t\t\t\t<\/div>\n\t\t\t\t\t<\/div>\n\t\t\t\t<\/div>\n\t\t<div class=\"elementor-element elementor-element-74e6fcd e-flex e-con-boxed e-con e-parent\" data-id=\"74e6fcd\" data-element_type=\"container\">\n\t\t\t\t\t<div class=\"e-con-inner\">\n\t\t\t\t\t<\/div>\n\t\t\t\t<\/div>\n\t\t\t\t<\/div>\n\t\t","protected":false},"excerpt":{"rendered":"<p>\u0130leti\u015fim Fulya Ortaklar Cad. No:51 34394 \u015ei\u015fli\/\u0130st. Tel: 0541 577 70 70<\/p>\n","protected":false},"author":1,"featured_media":0,"parent":0,"menu_order":0,"comment_status":"closed","ping_status":"closed","template":"","meta":{"_kad_post_transparent":"","_kad_post_title":"hide","_kad_post_layout":"fullwidth","_kad_post_sidebar_id":"","_kad_post_content_style":"unboxed","_kad_post_vertical_padding":"hide","_kad_post_feature":"hide","_kad_post_feature_position":"","_kad_post_header":false,"_kad_post_footer":false,"_kad_post_classname":"","footnotes":""},"class_list":["post-104","page","type-page","status-publish","hentry"],"jetpack_sharing_enabled":true,"_links":{"self":[{"href":"https:\/\/melisera.com.tr\/index.php\/wp-json\/wp\/v2\/pages\/104","targetHints":{"allow":["GET"]}}],"collection":[{"href":"https:\/\/melisera.com.tr\/index.php\/wp-json\/wp\/v2\/pages"}],"about":[{"href":"https:\/\/melisera.com.tr\/index.php\/wp-json\/wp\/v2\/types\/page"}],"author":[{"embeddable":true,"href":"https:\/\/melisera.com.tr\/index.php\/wp-json\/wp\/v2\/users\/1"}],"replies":[{"embeddable":true,"href":"https:\/\/melisera.com.tr\/index.php\/wp-json\/wp\/v2\/comments?post=104"}],"version-history":[{"count":34,"href":"https:\/\/melisera.com.tr\/index.php\/wp-json\/wp\/v2\/pages\/104\/revisions"}],"predecessor-version":[{"id":204,"href":"https:\/\/melisera.com.tr\/index.php\/wp-json\/wp\/v2\/pages\/104\/revisions\/204"}],"wp:attachment":[{"href":"https:\/\/melisera.com.tr\/index.php\/wp-json\/wp\/v2\/media?parent=104"}],"curies":[{"name":"wp","href":"https:\/\/api.w.org\/{rel}","templated":true}]}}