{"id":11,"date":"2026-01-18T23:05:08","date_gmt":"2026-01-18T23:05:08","guid":{"rendered":"https:\/\/melisera.com.tr\/?page_id=11"},"modified":"2026-01-18T23:05:11","modified_gmt":"2026-01-18T23:05:11","slug":"refund_returns","status":"publish","type":"page","link":"https:\/\/melisera.com.tr\/index.php\/refund_returns\/","title":{"rendered":"Geri \u00d6deme ve \u0130ade Politikas\u0131"},"content":{"rendered":"\n<p>Genel Bak\u0131\u015f<\/p>\n\n\n\n<p>\u0130ade ve geri \u00f6deme politikam\u0131z <strong>30 g\u00fcn<\/strong> ge\u00e7erlidir. Sat\u0131n alma i\u015fleminizin \u00fczerinden 30 g\u00fcn ge\u00e7tiyse, maalesef tam geri \u00f6deme veya de\u011fi\u015fim yapam\u0131yoruz.<\/p>\n\n\n\n<p>Bir \u00fcr\u00fcn\u00fcn iade edilebilmesi i\u00e7in <strong>kullan\u0131lmam\u0131\u015f<\/strong>, size ula\u015ft\u0131\u011f\u0131 <strong>ilk haliyle<\/strong> ve <strong>orijinal ambalaj\u0131nda<\/strong> olmas\u0131 gerekir.<\/p>\n\n\n\n<p>Baz\u0131 \u00fcr\u00fcn t\u00fcrleri iade kapsam\u0131 d\u0131\u015f\u0131ndad\u0131r.<br>G\u0131da, \u00e7i\u00e7ek, gazete veya dergi gibi <strong>bozulabilir \u00fcr\u00fcnler<\/strong> iade edilemez.<br>Ayr\u0131ca <strong>ki\u015fisel\/hijyenik \u00fcr\u00fcnler<\/strong>, <strong>tehlikeli maddeler<\/strong> ya da <strong>yan\u0131c\u0131 s\u0131v\u0131 veya gazlar<\/strong> da iade kabul edilmez.<\/p>\n\n\n\n<h4 class=\"wp-block-heading\">\u0130ade Edilemeyen Di\u011fer \u00dcr\u00fcnler:<\/h4>\n\n\n\n<ul class=\"wp-block-list\">\n<li>Hediye kartlar\u0131<\/li>\n\n\n\n<li>\u0130ndirilebilir yaz\u0131l\u0131m \u00fcr\u00fcnleri<\/li>\n\n\n\n<li>Baz\u0131 sa\u011fl\u0131k ve ki\u015fisel bak\u0131m \u00fcr\u00fcnleri<\/li>\n<\/ul>\n\n\n\n<p>\u0130adenizin tamamlanabilmesi i\u00e7in <strong>fatura veya sat\u0131n alma kan\u0131t\u0131<\/strong> gereklidir.<\/p>\n\n\n\n<p>L\u00fctfen sat\u0131n ald\u0131\u011f\u0131n\u0131z \u00fcr\u00fcn\u00fc <strong>\u00fcretici firmaya<\/strong> geri g\u00f6ndermeyiniz.<\/p>\n\n\n\n<hr class=\"wp-block-separator has-alpha-channel-opacity\"\/>\n\n\n\n<h3 class=\"wp-block-heading\">K\u0131smi Geri \u00d6deme Yap\u0131lan Durumlar<\/h3>\n\n\n\n<p>Baz\u0131 durumlarda yaln\u0131zca <strong>k\u0131smi geri \u00f6deme<\/strong> yap\u0131l\u0131r:<\/p>\n\n\n\n<ul class=\"wp-block-list\">\n<li>Belirgin kullan\u0131m izleri olan kitaplar<\/li>\n\n\n\n<li>A\u00e7\u0131lm\u0131\u015f CD, DVD, VHS kaset, yaz\u0131l\u0131m, video oyunu, kaset veya plak<\/li>\n\n\n\n<li>Hatal\u0131 kullan\u0131m nedeniyle hasar g\u00f6rm\u00fc\u015f veya par\u00e7as\u0131 eksik olan \u00fcr\u00fcnler<\/li>\n\n\n\n<li>Teslimattan <strong>30 g\u00fcn sonra<\/strong> iade edilen \u00fcr\u00fcnler<\/li>\n<\/ul>\n\n\n\n<hr class=\"wp-block-separator has-alpha-channel-opacity\"\/>\n\n\n\n<h3 class=\"wp-block-heading\">Geri \u00d6demeler<\/h3>\n\n\n\n<p>\u0130ade edilen \u00fcr\u00fcn taraf\u0131m\u0131za ula\u015ft\u0131ktan ve incelendikten sonra, iadenizin al\u0131nd\u0131\u011f\u0131n\u0131 size e-posta ile bildirece\u011fiz.<br>Ayr\u0131ca geri \u00f6demenizin <strong>onaylan\u0131p onaylanmad\u0131\u011f\u0131<\/strong> konusunda da bilgilendirileceksiniz.<\/p>\n\n\n\n<p>Onaylanmas\u0131 durumunda, geri \u00f6demeniz belirli bir s\u00fcre i\u00e7inde otomatik olarak <strong>kredi kart\u0131n\u0131za veya \u00f6deme yapt\u0131\u011f\u0131n\u0131z y\u00f6ntemle<\/strong> iade edilecektir.<\/p>\n\n\n\n<hr class=\"wp-block-separator has-alpha-channel-opacity\"\/>\n\n\n\n<h3 class=\"wp-block-heading\">Geciken veya Eksik Geri \u00d6demeler<\/h3>\n\n\n\n<p>Hen\u00fcz geri \u00f6deme almad\u0131ysan\u0131z:<\/p>\n\n\n\n<ol class=\"wp-block-list\">\n<li>\u00d6ncelikle banka hesab\u0131n\u0131z\u0131 tekrar kontrol edin.<\/li>\n\n\n\n<li>Kredi kart\u0131 firman\u0131zla ileti\u015fime ge\u00e7in (geri \u00f6demenin yans\u0131mas\u0131 zaman alabilir).<\/li>\n\n\n\n<li>Bankan\u0131zla ileti\u015fime ge\u00e7in (i\u015flem s\u00fcresi olabilir).<\/li>\n<\/ol>\n\n\n\n<p>T\u00fcm bu ad\u0131mlara ra\u011fmen geri \u00f6deme hala yap\u0131lmad\u0131ysa, l\u00fctfen bizimle <strong>{e-posta adresi}<\/strong> \u00fczerinden ileti\u015fime ge\u00e7in.<\/p>\n","protected":false},"excerpt":{"rendered":"<p>Genel Bak\u0131\u015f \u0130ade ve geri \u00f6deme politikam\u0131z 30 g\u00fcn ge\u00e7erlidir. Sat\u0131n alma i\u015fleminizin \u00fczerinden 30 g\u00fcn ge\u00e7tiyse, maalesef tam geri \u00f6deme veya de\u011fi\u015fim yapam\u0131yoruz. Bir \u00fcr\u00fcn\u00fcn iade edilebilmesi i\u00e7in kullan\u0131lmam\u0131\u015f, size ula\u015ft\u0131\u011f\u0131 ilk haliyle ve orijinal ambalaj\u0131nda olmas\u0131 gerekir. Baz\u0131 \u00fcr\u00fcn t\u00fcrleri iade kapsam\u0131 d\u0131\u015f\u0131ndad\u0131r.G\u0131da, \u00e7i\u00e7ek, gazete veya dergi gibi bozulabilir \u00fcr\u00fcnler iade edilemez.Ayr\u0131ca ki\u015fisel\/hijyenik&#8230;<\/p>\n","protected":false},"author":1,"featured_media":0,"parent":0,"menu_order":0,"comment_status":"closed","ping_status":"closed","template":"","meta":{"_kad_post_transparent":"","_kad_post_title":"","_kad_post_layout":"","_kad_post_sidebar_id":"","_kad_post_content_style":"","_kad_post_vertical_padding":"","_kad_post_feature":"","_kad_post_feature_position":"","_kad_post_header":false,"_kad_post_footer":false,"_kad_post_classname":"","footnotes":""},"class_list":["post-11","page","type-page","status-publish","hentry"],"jetpack_sharing_enabled":true,"_links":{"self":[{"href":"https:\/\/melisera.com.tr\/index.php\/wp-json\/wp\/v2\/pages\/11","targetHints":{"allow":["GET"]}}],"collection":[{"href":"https:\/\/melisera.com.tr\/index.php\/wp-json\/wp\/v2\/pages"}],"about":[{"href":"https:\/\/melisera.com.tr\/index.php\/wp-json\/wp\/v2\/types\/page"}],"author":[{"embeddable":true,"href":"https:\/\/melisera.com.tr\/index.php\/wp-json\/wp\/v2\/users\/1"}],"replies":[{"embeddable":true,"href":"https:\/\/melisera.com.tr\/index.php\/wp-json\/wp\/v2\/comments?post=11"}],"version-history":[{"count":1,"href":"https:\/\/melisera.com.tr\/index.php\/wp-json\/wp\/v2\/pages\/11\/revisions"}],"predecessor-version":[{"id":171,"href":"https:\/\/melisera.com.tr\/index.php\/wp-json\/wp\/v2\/pages\/11\/revisions\/171"}],"wp:attachment":[{"href":"https:\/\/melisera.com.tr\/index.php\/wp-json\/wp\/v2\/media?parent=11"}],"curies":[{"name":"wp","href":"https:\/\/api.w.org\/{rel}","templated":true}]}}